{"id":172,"date":"2015-08-26T09:19:24","date_gmt":"2015-08-26T07:19:24","guid":{"rendered":"https:\/\/acctifeducation.wordpress.com\/?page_id=172"},"modified":"2021-09-20T13:51:44","modified_gmt":"2021-09-20T11:51:44","slug":"nous-contacter","status":"publish","type":"page","link":"http:\/\/actifeducation.fr\/?page_id=172","title":{"rendered":"Nous contacter"},"content":{"rendered":"\t\t<div data-elementor-type=\"wp-page\" data-elementor-id=\"172\" class=\"elementor elementor-172\">\n\t\t\t\t\t\t\t\t\t<section class=\"elementor-section elementor-top-section elementor-element elementor-element-73506951 elementor-section-boxed elementor-section-height-default elementor-section-height-default\" data-id=\"73506951\" data-element_type=\"section\">\n\t\t\t\t\t\t<div class=\"elementor-container elementor-column-gap-default\">\n\t\t\t\t\t<div class=\"elementor-column elementor-col-100 elementor-top-column elementor-element elementor-element-6113b76e\" data-id=\"6113b76e\" data-element_type=\"column\">\n\t\t\t<div class=\"elementor-widget-wrap elementor-element-populated\">\n\t\t\t\t\t\t\t\t<div class=\"elementor-element elementor-element-24333cfc elementor-widget elementor-widget-text-editor\" data-id=\"24333cfc\" data-element_type=\"widget\" data-widget_type=\"text-editor.default\">\n\t\t\t\t<div class=\"elementor-widget-container\">\n\t\t\t<style>\/*! elementor - v3.15.0 - 20-08-2023 *\/\n.elementor-widget-text-editor.elementor-drop-cap-view-stacked .elementor-drop-cap{background-color:#69727d;color:#fff}.elementor-widget-text-editor.elementor-drop-cap-view-framed .elementor-drop-cap{color:#69727d;border:3px solid;background-color:transparent}.elementor-widget-text-editor:not(.elementor-drop-cap-view-default) .elementor-drop-cap{margin-top:8px}.elementor-widget-text-editor:not(.elementor-drop-cap-view-default) .elementor-drop-cap-letter{width:1em;height:1em}.elementor-widget-text-editor .elementor-drop-cap{float:left;text-align:center;line-height:1;font-size:50px}.elementor-widget-text-editor .elementor-drop-cap-letter{display:inline-block}<\/style>\t\t\t\t<p><!-- wp:heading --><\/p>\n<h3>Pour\u00a0nous \u00e9crire\u00a0: <a href=\"mailto:asso@actifeducation.fr\" target=\"_blank\" rel=\"noopener\">asso@actifeducation.fr<\/a><\/h3>\n<p><!-- \/wp:paragraph --><\/p>\n<p>\u00a0<\/p>\n<div>\n<h3>Pour \u00e9crire aux \u00e9lus dans votre \u00e9tablissement :<\/h3>\n<\/div>\n<div>\n<ul>\n<li><b>\u00c9cole primaire <i>Barbara<\/i> :<\/b> <a href=\"mailto:barbara@actifeducation.fr\" target=\"_blank\" rel=\"noopener\">barbara@actifeducation.fr<\/a><\/li>\n<li><b>\u00c9cole maternelle <i>Les Blancs Bouleaux<\/i> :<\/b> <a href=\"mailto:blancsbouleaux@actifeducation.fr\" target=\"_blank\" rel=\"noopener\">blancsbouleaux@actifeducation.fr<\/a><\/li>\n<li style=\"font-size: 15px;\"><span style=\"font-weight: bold;\">\u00c9cole \u00e9l\u00e9mentaire <i>Jean Monnet<\/i>\u00a0:<\/span>\u00a0<a href=\"mailto:monnet@actifeducation.fr\" target=\"_blank\" rel=\"noopener\">monnet@actifeducation.fr<\/a><\/li>\n<li><b>\u00c9cole \u00e9l\u00e9mentaire <i>Louis Pasteur<\/i> :<\/b> <a href=\"mailto:pasteur@actifeducation.fr\" target=\"_blank\" rel=\"noopener\">pasteur@actifeducation.fr<\/a><\/li>\n<li><b>\u00c9cole \u00e9l\u00e9mentaire <i>\u00c9mile Roux<\/i> :<\/b> <a href=\"mailto:roux@actifeducation.fr\" target=\"_blank\" rel=\"noopener\">roux@actifeducation.fr<\/a><\/li>\n<li><b>Coll\u00e8ge <i>Antoine de Saint-Exup\u00e9ry<\/i> :<\/b> <a href=\"mailto:saintexupery@actifeducation.fr\" target=\"_blank\" rel=\"noopener\">saintexupery@actifeducation.fr<\/a><img decoding=\"async\" src=\"https:\/\/ssl.gstatic.com\/ui\/v1\/icons\/mail\/images\/cleardot.gif\" alt=\"\" \/><\/li>\n<\/ul>\n<h3>Pour remonter une demande concernant :<\/h3>\n<ul>\n<li><b>Le p\u00e9riscolaire :<\/b> <a href=\"mailto:cem@actifeducation.fr\">cem@actifeducation.fr<\/a><\/li>\n<li><b>La cantine :<\/b> <a href=\"mailto:cantine@actifeducation.fr\">cantine@actifeducation.fr<\/a><\/li>\n<li><b>Les travaux d&rsquo;entretien des \u00e9coles :<\/b> <a href=\"mailto:travaux@actifeducation.fr\">travaux@actifeducation.fr<\/a><\/li>\n<\/ul>\n<\/div>\t\t\t\t\t\t<\/div>\n\t\t\t\t<\/div>\n\t\t\t\t\t<\/div>\n\t\t<\/div>\n\t\t\t\t\t\t\t<\/div>\n\t\t<\/section>\n\t\t\t\t\t\t\t<\/div>\n\t\t","protected":false},"excerpt":{"rendered":"<p>Pour\u00a0nous \u00e9crire\u00a0: asso@actifeducation.fr \u00a0 Pour \u00e9crire aux \u00e9lus dans votre \u00e9tablissement : \u00c9cole primaire Barbara : barbara@actifeducation.fr \u00c9cole maternelle Les Blancs Bouleaux : blancsbouleaux@actifeducation.fr \u00c9cole \u00e9l\u00e9mentaire Jean Monnet\u00a0:\u00a0monnet@actifeducation.fr \u00c9cole \u00e9l\u00e9mentaire Louis Pasteur : pasteur@actifeducation.fr \u00c9cole \u00e9l\u00e9mentaire \u00c9mile Roux : roux@actifeducation.fr Coll\u00e8ge Antoine de Saint-Exup\u00e9ry : saintexupery@actifeducation.fr Pour remonter une demande concernant : Le p\u00e9riscolaire : &hellip;<\/p>\n<p class=\"read-more\"> <a class=\"\" href=\"http:\/\/actifeducation.fr\/?page_id=172\"> <span class=\"screen-reader-text\">Nous contacter<\/span> Lire la suite\u00a0\u00bb<\/a><\/p>\n","protected":false},"author":1,"featured_media":0,"parent":0,"menu_order":5,"comment_status":"closed","ping_status":"closed","template":"","meta":{"_monsterinsights_skip_tracking":false,"_monsterinsights_sitenote_active":false,"_monsterinsights_sitenote_note":"","_monsterinsights_sitenote_category":0,"site-sidebar-layout":"default","site-content-layout":"default","ast-global-header-display":"","ast-main-header-display":"","ast-hfb-above-header-display":"","ast-hfb-below-header-display":"","ast-hfb-mobile-header-display":"","site-post-title":"","ast-breadcrumbs-content":"","ast-featured-img":"","footer-sml-layout":"","theme-transparent-header-meta":"","adv-header-id-meta":"","stick-header-meta":"","header-above-stick-meta":"","header-main-stick-meta":"","header-below-stick-meta":"","footnotes":""},"class_list":["post-172","page","type-page","status-publish","hentry"],"post_mailing_queue_ids":[],"_links":{"self":[{"href":"http:\/\/actifeducation.fr\/index.php?rest_route=\/wp\/v2\/pages\/172","targetHints":{"allow":["GET"]}}],"collection":[{"href":"http:\/\/actifeducation.fr\/index.php?rest_route=\/wp\/v2\/pages"}],"about":[{"href":"http:\/\/actifeducation.fr\/index.php?rest_route=\/wp\/v2\/types\/page"}],"author":[{"embeddable":true,"href":"http:\/\/actifeducation.fr\/index.php?rest_route=\/wp\/v2\/users\/1"}],"replies":[{"embeddable":true,"href":"http:\/\/actifeducation.fr\/index.php?rest_route=%2Fwp%2Fv2%2Fcomments&post=172"}],"version-history":[{"count":8,"href":"http:\/\/actifeducation.fr\/index.php?rest_route=\/wp\/v2\/pages\/172\/revisions"}],"predecessor-version":[{"id":8082,"href":"http:\/\/actifeducation.fr\/index.php?rest_route=\/wp\/v2\/pages\/172\/revisions\/8082"}],"wp:attachment":[{"href":"http:\/\/actifeducation.fr\/index.php?rest_route=%2Fwp%2Fv2%2Fmedia&parent=172"}],"curies":[{"name":"wp","href":"https:\/\/api.w.org\/{rel}","templated":true}]}}